{"id":1463,"date":"2025-10-27T12:37:46","date_gmt":"2025-10-27T12:37:46","guid":{"rendered":"https:\/\/gstcongress.org\/?page_id=1463"},"modified":"2025-12-28T17:48:20","modified_gmt":"2025-12-28T17:48:20","slug":"home-2","status":"publish","type":"page","link":"https:\/\/gstcongress.org\/en\/","title":{"rendered":"Home"},"content":{"rendered":"<div data-elementor-type=\"wp-post\" data-elementor-id=\"1463\" class=\"elementor elementor-1463\">\n\t\t\t\t<div class=\"elementor-element elementor-element-8bcd764 e-flex e-con-boxed elementor-invisible e-con e-parent\" data-id=\"8bcd764\" data-element_type=\"container\" data-settings=\"{&quot;background_background&quot;:&quot;classic&quot;,&quot;animation&quot;:&quot;fadeIn&quot;}\">\n\t\t\t\t\t<div class=\"e-con-inner\">\n\t\t<div class=\"elementor-element elementor-element-551502a e-flex e-con-boxed e-con e-child\" data-id=\"551502a\" data-element_type=\"container\">\n\t\t\t\t\t<div class=\"e-con-inner\">\n\t\t\t\t<div class=\"elementor-element elementor-element-e20824e elementor-widget elementor-widget-image\" data-id=\"e20824e\" data-element_type=\"widget\" data-widget_type=\"image.default\">\n\t\t\t\t<div class=\"elementor-widget-container\">\n\t\t\t\t\t\t\t\t\t\t\t\t\t\t\t<img fetchpriority=\"high\" decoding=\"async\" width=\"1024\" height=\"608\" src=\"https:\/\/gstcongress.org\/wp-content\/uploads\/2025\/11\/GSTKON26-Afis-1600-x-950-piksel-1-1024x608.png\" class=\"attachment-large size-large wp-image-2626\" alt=\"gstkon&#039;26 afi\u015f (1600 x 950 piksel) (1)\" srcset=\"https:\/\/gstcongress.org\/wp-content\/uploads\/2025\/11\/GSTKON26-Afis-1600-x-950-piksel-1-1024x608.png 1024w, https:\/\/gstcongress.org\/wp-content\/uploads\/2025\/11\/GSTKON26-Afis-1600-x-950-piksel-1-768x456.png 768w, https:\/\/gstcongress.org\/wp-content\/uploads\/2025\/11\/GSTKON26-Afis-1600-x-950-piksel-1-1536x912.png 1536w\" sizes=\"(max-width: 1024px) 100vw, 1024px\" title=\"Home\">\t\t\t\t\t\t\t\t\t\t\t\t\t\t\t<\/div>\n\t\t\t\t<\/div>\n\t\t\t\t\t<\/div>\n\t\t\t\t<\/div>\n\t\t\t\t\t<\/div>\n\t\t\t\t<\/div>\n\t\t<div class=\"elementor-element elementor-element-eba06be e-flex e-con-boxed e-con e-parent\" data-id=\"eba06be\" data-element_type=\"container\">\n\t\t\t\t\t<div class=\"e-con-inner\">\n\t\t<div class=\"elementor-element elementor-element-63fe4ff e-con-full e-flex e-con e-child\" data-id=\"63fe4ff\" data-element_type=\"container\">\n\t\t\t\t<div class=\"elementor-element elementor-element-b0457aa elementor-widget elementor-widget-image\" data-id=\"b0457aa\" data-element_type=\"widget\" data-widget_type=\"image.default\">\n\t\t\t\t<div class=\"elementor-widget-container\">\n\t\t\t\t\t\t\t\t\t\t\t\t\t\t\t<img decoding=\"async\" width=\"727\" height=\"1024\" src=\"https:\/\/gstcongress.org\/wp-content\/uploads\/2025\/11\/gorsel_2025-11-21_225621794-727x1024.png\" class=\"attachment-large size-large wp-image-2635\" alt=\"g\u00f6rsel 2025 11 21 225621794\" srcset=\"https:\/\/gstcongress.org\/wp-content\/uploads\/2025\/11\/gorsel_2025-11-21_225621794-727x1024.png 727w, https:\/\/gstcongress.org\/wp-content\/uploads\/2025\/11\/gorsel_2025-11-21_225621794-213x300.png 213w, https:\/\/gstcongress.org\/wp-content\/uploads\/2025\/11\/gorsel_2025-11-21_225621794.png 766w\" sizes=\"(max-width: 727px) 100vw, 727px\" title=\"Home\">\t\t\t\t\t\t\t\t\t\t\t\t\t\t\t<\/div>\n\t\t\t\t<\/div>\n\t\t\t\t<\/div>\n\t\t<div class=\"elementor-element elementor-element-83b5e41 e-con-full e-flex e-con e-child\" data-id=\"83b5e41\" data-element_type=\"container\">\n\t\t\t\t<div class=\"elementor-element elementor-element-3e3ec6f elementor-widget elementor-widget-text-editor\" data-id=\"3e3ec6f\" data-element_type=\"widget\" data-widget_type=\"text-editor.default\">\n\t\t\t\t<div class=\"elementor-widget-container\">\n\t\t\t\t\t\t\t\t\t<ul><li><strong>Event Organiser:<\/strong> Young Healthcare Professionals Society:<\/li><li><strong>Event Date:<\/strong> 8-10 May 2026<\/li><li><strong>Event Location:<\/strong> Sivas Cumhuriyet University Campus, 100th Year Culture Center<\/li><li><strong>Who Can Register?:<\/strong> Medical and health science students, academicians and specialist doctors<\/li><li><strong>Program Content:<\/strong> Academic and social sessions, a wide range of panel discussions and networking opportunities, diverse workshop options, social excursions, and a gala dinner<\/li><\/ul>\t\t\t\t\t\t\t\t<\/div>\n\t\t\t\t<\/div>\n\t\t\t\t<\/div>\n\t\t\t\t\t<\/div>\n\t\t\t\t<\/div>\n\t\t<div class=\"elementor-element elementor-element-3445653 e-flex e-con-boxed e-con e-parent\" data-id=\"3445653\" data-element_type=\"container\" data-settings=\"{&quot;background_background&quot;:&quot;classic&quot;}\">\n\t\t\t\t\t<div class=\"e-con-inner\">\n\t\t<div class=\"elementor-element elementor-element-a2a0548 e-con-full e-flex e-con e-child\" data-id=\"a2a0548\" data-element_type=\"container\">\n\t\t\t\t<div class=\"elementor-element elementor-element-d8b0325 elementor-widget elementor-widget-heading\" data-id=\"d8b0325\" data-element_type=\"widget\" data-widget_type=\"heading.default\">\n\t\t\t\t<div class=\"elementor-widget-container\">\n\t\t\t\t\t<h2 class=\"elementor-heading-title elementor-size-default\">Who Are We?<\/h2>\t\t\t\t<\/div>\n\t\t\t\t<\/div>\n\t\t\t\t<div class=\"elementor-element elementor-element-eeed392 elementor-widget elementor-widget-text-editor\" data-id=\"eeed392\" data-element_type=\"widget\" data-widget_type=\"text-editor.default\">\n\t\t\t\t<div class=\"elementor-widget-container\">\n\t\t\t\t\t\t\t\t\t<div class=\"elementor-element elementor-element-5a2c27f e-con-full e-flex e-con e-child\" data-id=\"5a2c27f\" data-element_type=\"container\"><div class=\"elementor-element elementor-element-e867c41 elementor-widget elementor-widget-text-editor\" data-id=\"e867c41\" data-element_type=\"widget\" data-widget_type=\"text-editor.default\"><div class=\"elementor-widget-container\"><p>As the Young Healthcare Professionals Community (Gen\u00e7 Sa\u011fl\u0131k\u00e7\u0131lar Toplulu\u011fu), our main goal is to bring together Medical Faculty students with healthcare students from other faculties, such as Dentistry, Pharmacy, Health Sciences, and Veterinary Medicine, on a common platform; to organize events; and to create environments where we can both socialize and share our experiences\u00a0and\u00a0knowledge.<\/p><\/div><\/div><\/div>\t\t\t\t\t\t\t\t<\/div>\n\t\t\t\t<\/div>\n\t\t\t\t<\/div>\n\t\t\t\t\t<\/div>\n\t\t\t\t<\/div>\n\t\t\t\t<\/div>","protected":false},"excerpt":{"rendered":"<p>Etkinlik Sahibi: Gen\u00e7 Sa\u011fl\u0131k\u00e7\u0131lar Toplulu\u011fu Etkinlik Tarihi: 8-10 May\u0131s 2026 Etkinlik Yeri: Sivas Cumhuriyet \u00dcniversitesi Kamp\u00fcs\u00fc, 100.Y\u0131l K\u00fclt\u00fcr Merkezi Kimler Kat\u0131labilir?: T\u0131p fak\u00fcltesi ve sa\u011fl\u0131k bilimleri fak\u00fclteleri \u00f6\u011frencileri, akademisyenler, uzman doktorlar Program \u0130\u00e7eri\u011fi: Akademik ve sosyal oturumlar, geni\u015f yelpazede a\u00e7\u0131k oturum ve network, zengin at\u00f6lye olanaklar\u0131, sosyal gezi ve gala yeme\u011fi Biz Kimiz? Gen\u00e7 Sa\u011fl\u0131k\u00e7\u0131lar [&hellip;]<\/p>","protected":false},"author":1,"featured_media":0,"parent":0,"menu_order":0,"comment_status":"closed","ping_status":"open","template":"","meta":{"site-sidebar-layout":"no-sidebar","site-content-layout":"page-builder","ast-site-content-layout":"default","site-content-style":"default","site-sidebar-style":"default","ast-global-header-display":"","ast-banner-title-visibility":"","ast-main-header-display":"","ast-hfb-above-header-display":"","ast-hfb-below-header-display":"","ast-hfb-mobile-header-display":"","site-post-title":"disabled","ast-breadcrumbs-content":"","ast-featured-img":"disabled","footer-sml-layout":"","theme-transparent-header-meta":"enabled","adv-header-id-meta":"","stick-header-meta":"","header-above-stick-meta":"","header-main-stick-meta":"","header-below-stick-meta":"","astra-migrate-meta-layouts":"default","ast-page-background-enabled":"default","ast-page-background-meta":{"desktop":{"background-color":"","background-image":"","background-repeat":"repeat","background-position":"center center","background-size":"auto","background-attachment":"scroll","background-type":"","background-media":"","overlay-type":"","overlay-color":"","overlay-opacity":"","overlay-gradient":""},"tablet":{"background-color":"","background-image":"","background-repeat":"repeat","background-position":"center center","background-size":"auto","background-attachment":"scroll","background-type":"","background-media":"","overlay-type":"","overlay-color":"","overlay-opacity":"","overlay-gradient":""},"mobile":{"background-color":"","background-image":"","background-repeat":"repeat","background-position":"center center","background-size":"auto","background-attachment":"scroll","background-type":"","background-media":"","overlay-type":"","overlay-color":"","overlay-opacity":"","overlay-gradient":""}},"ast-content-background-meta":{"desktop":{"background-color":"var(--ast-global-color-5)","background-image":"","background-repeat":"repeat","background-position":"center center","background-size":"auto","background-attachment":"scroll","background-type":"","background-media":"","overlay-type":"","overlay-color":"","overlay-opacity":"","overlay-gradient":""},"tablet":{"background-color":"var(--ast-global-color-5)","background-image":"","background-repeat":"repeat","background-position":"center center","background-size":"auto","background-attachment":"scroll","background-type":"","background-media":"","overlay-type":"","overlay-color":"","overlay-opacity":"","overlay-gradient":""},"mobile":{"background-color":"var(--ast-global-color-5)","background-image":"","background-repeat":"repeat","background-position":"center center","background-size":"auto","background-attachment":"scroll","background-type":"","background-media":"","overlay-type":"","overlay-color":"","overlay-opacity":"","overlay-gradient":""}},"footnotes":""},"class_list":["post-1463","page","type-page","status-publish","hentry"],"_links":{"self":[{"href":"https:\/\/gstcongress.org\/en\/wp-json\/wp\/v2\/pages\/1463","targetHints":{"allow":["GET"]}}],"collection":[{"href":"https:\/\/gstcongress.org\/en\/wp-json\/wp\/v2\/pages"}],"about":[{"href":"https:\/\/gstcongress.org\/en\/wp-json\/wp\/v2\/types\/page"}],"author":[{"embeddable":true,"href":"https:\/\/gstcongress.org\/en\/wp-json\/wp\/v2\/users\/1"}],"replies":[{"embeddable":true,"href":"https:\/\/gstcongress.org\/en\/wp-json\/wp\/v2\/comments?post=1463"}],"version-history":[{"count":66,"href":"https:\/\/gstcongress.org\/en\/wp-json\/wp\/v2\/pages\/1463\/revisions"}],"predecessor-version":[{"id":2757,"href":"https:\/\/gstcongress.org\/en\/wp-json\/wp\/v2\/pages\/1463\/revisions\/2757"}],"wp:attachment":[{"href":"https:\/\/gstcongress.org\/en\/wp-json\/wp\/v2\/media?parent=1463"}],"curies":[{"name":"wp","href":"https:\/\/api.w.org\/{rel}","templated":true}]}}