{"id":1464,"date":"2025-10-27T12:37:46","date_gmt":"2025-10-27T12:37:46","guid":{"rendered":"https:\/\/gstcongress.org\/?page_id=1464"},"modified":"2026-01-08T08:48:57","modified_gmt":"2026-01-08T08:48:57","slug":"about","status":"publish","type":"page","link":"https:\/\/gstcongress.org\/en\/about\/","title":{"rendered":"About"},"content":{"rendered":"<div data-elementor-type=\"wp-post\" data-elementor-id=\"1464\" class=\"elementor elementor-1464\">\n\t\t\t\t<div class=\"elementor-element elementor-element-f0b3181 e-flex e-con-boxed elementor-invisible e-con e-parent\" data-id=\"f0b3181\" data-element_type=\"container\" data-settings=\"{&quot;background_background&quot;:&quot;classic&quot;,&quot;animation&quot;:&quot;fadeIn&quot;}\">\n\t\t\t\t\t<div class=\"e-con-inner\">\n\t\t<div class=\"elementor-element elementor-element-b17abf7 e-con-full e-flex e-con e-child\" data-id=\"b17abf7\" data-element_type=\"container\">\n\t\t\t\t<div class=\"elementor-element elementor-element-6878345 elementor-widget elementor-widget-heading\" data-id=\"6878345\" data-element_type=\"widget\" data-widget_type=\"heading.default\">\n\t\t\t\t<div class=\"elementor-widget-container\">\n\t\t\t\t\t<h1 class=\"elementor-heading-title elementor-size-default\">Executive Team<\/h1>\t\t\t\t<\/div>\n\t\t\t\t<\/div>\n\t\t\t\t<div class=\"elementor-element elementor-element-9341fe9 elementor-widget elementor-widget-heading\" data-id=\"9341fe9\" data-element_type=\"widget\" data-widget_type=\"heading.default\">\n\t\t\t\t<div class=\"elementor-widget-container\">\n\t\t\t\t\t<h4 class=\"elementor-heading-title elementor-size-default\">Management and Executive Teams for GSTKON'26<\/h4>\t\t\t\t<\/div>\n\t\t\t\t<\/div>\n\t\t\t\t<\/div>\n\t\t\t\t\t<\/div>\n\t\t\t\t<\/div>\n\t\t<div class=\"elementor-element elementor-element-5d07a9e e-flex e-con-boxed e-con e-parent\" data-id=\"5d07a9e\" data-element_type=\"container\">\n\t\t\t\t\t<div class=\"e-con-inner\">\n\t\t<div class=\"elementor-element elementor-element-39c4417 e-con-full e-flex e-con e-child\" data-id=\"39c4417\" data-element_type=\"container\">\n\t\t<div class=\"elementor-element elementor-element-9ba3d6d e-con-full e-flex e-con e-child\" data-id=\"9ba3d6d\" data-element_type=\"container\">\n\t\t\t\t<div class=\"elementor-element elementor-element-3094163 elementor-widget elementor-widget-heading\" data-id=\"3094163\" data-element_type=\"widget\" data-widget_type=\"heading.default\">\n\t\t\t\t<div class=\"elementor-widget-container\">\n\t\t\t\t\t<h2 class=\"elementor-heading-title elementor-size-default\">MANAGEMENT TEAM<\/h2>\t\t\t\t<\/div>\n\t\t\t\t<\/div>\n\t\t<div class=\"elementor-element elementor-element-b8c5805 e-con-full e-flex e-con e-child\" data-id=\"b8c5805\" data-element_type=\"container\" data-settings=\"{&quot;background_background&quot;:&quot;classic&quot;}\">\n\t\t\t\t<div class=\"elementor-element elementor-element-3846a89 elementor-widget elementor-widget-text-editor\" data-id=\"3846a89\" data-element_type=\"widget\" data-widget_type=\"text-editor.default\">\n\t\t\t\t<div class=\"elementor-widget-container\">\n\t\t\t\t\t\t\t\t\t<h6>Congress Management<\/h6>\t\t\t\t\t\t\t\t<\/div>\n\t\t\t\t<\/div>\n\t\t\t\t<div class=\"elementor-element elementor-element-c7099a8 elementor-widget elementor-widget-text-editor\" data-id=\"c7099a8\" data-element_type=\"widget\" data-widget_type=\"text-editor.default\">\n\t\t\t\t<div class=\"elementor-widget-container\">\n\t\t\t\t\t\t\t\t\t<h4>Int. Dr. Burak DEM\u0130RDA\u015e<\/h4>\t\t\t\t\t\t\t\t<\/div>\n\t\t\t\t<\/div>\n\t\t\t\t<\/div>\n\t\t<div class=\"elementor-element elementor-element-dceda4a e-con-full e-flex e-con e-child\" data-id=\"dceda4a\" data-element_type=\"container\" data-settings=\"{&quot;background_background&quot;:&quot;classic&quot;}\">\n\t\t\t\t<div class=\"elementor-element elementor-element-ffef000 elementor-widget elementor-widget-text-editor\" data-id=\"ffef000\" data-element_type=\"widget\" data-widget_type=\"text-editor.default\">\n\t\t\t\t<div class=\"elementor-widget-container\">\n\t\t\t\t\t\t\t\t\t<h6>Vice President<\/h6>\t\t\t\t\t\t\t\t<\/div>\n\t\t\t\t<\/div>\n\t\t\t\t<div class=\"elementor-element elementor-element-d14221e elementor-widget elementor-widget-text-editor\" data-id=\"d14221e\" data-element_type=\"widget\" data-widget_type=\"text-editor.default\">\n\t\t\t\t<div class=\"elementor-widget-container\">\n\t\t\t\t\t\t\t\t\t<h4>Muhammed Bu\u011fra OKUMU\u015e<\/h4>\t\t\t\t\t\t\t\t<\/div>\n\t\t\t\t<\/div>\n\t\t\t\t<\/div>\n\t\t<div class=\"elementor-element elementor-element-5450bad e-con-full e-flex e-con e-child\" data-id=\"5450bad\" data-element_type=\"container\" data-settings=\"{&quot;background_background&quot;:&quot;classic&quot;}\">\n\t\t\t\t<div class=\"elementor-element elementor-element-42be4ae elementor-widget elementor-widget-text-editor\" data-id=\"42be4ae\" data-element_type=\"widget\" data-widget_type=\"text-editor.default\">\n\t\t\t\t<div class=\"elementor-widget-container\">\n\t\t\t\t\t\t\t\t\t<h6>Organisation and Sponsorship Coordinator<\/h6>\t\t\t\t\t\t\t\t<\/div>\n\t\t\t\t<\/div>\n\t\t\t\t<div class=\"elementor-element elementor-element-a87e177 elementor-widget elementor-widget-text-editor\" data-id=\"a87e177\" data-element_type=\"widget\" data-widget_type=\"text-editor.default\">\n\t\t\t\t<div class=\"elementor-widget-container\">\n\t\t\t\t\t\t\t\t\t<h4>R\u00fcveyda AYDIN<\/h4>\t\t\t\t\t\t\t\t<\/div>\n\t\t\t\t<\/div>\n\t\t\t\t<\/div>\n\t\t<div class=\"elementor-element elementor-element-31c2803 e-con-full e-flex e-con e-child\" data-id=\"31c2803\" data-element_type=\"container\" data-settings=\"{&quot;background_background&quot;:&quot;classic&quot;}\">\n\t\t\t\t<div class=\"elementor-element elementor-element-8535499 elementor-widget elementor-widget-text-editor\" data-id=\"8535499\" data-element_type=\"widget\" data-widget_type=\"text-editor.default\">\n\t\t\t\t<div class=\"elementor-widget-container\">\n\t\t\t\t\t\t\t\t\t<h6>Social Media and Design Coordinator<\/h6>\t\t\t\t\t\t\t\t<\/div>\n\t\t\t\t<\/div>\n\t\t\t\t<div class=\"elementor-element elementor-element-5ee14bd elementor-widget elementor-widget-text-editor\" data-id=\"5ee14bd\" data-element_type=\"widget\" data-widget_type=\"text-editor.default\">\n\t\t\t\t<div class=\"elementor-widget-container\">\n\t\t\t\t\t\t\t\t\t<h4>Merve SAYILIR<\/h4>\t\t\t\t\t\t\t\t<\/div>\n\t\t\t\t<\/div>\n\t\t\t\t<\/div>\n\t\t<div class=\"elementor-element elementor-element-6aa2169 e-con-full e-flex e-con e-child\" data-id=\"6aa2169\" data-element_type=\"container\" data-settings=\"{&quot;background_background&quot;:&quot;classic&quot;}\">\n\t\t\t\t<div class=\"elementor-element elementor-element-259877f elementor-widget elementor-widget-text-editor\" data-id=\"259877f\" data-element_type=\"widget\" data-widget_type=\"text-editor.default\">\n\t\t\t\t<div class=\"elementor-widget-container\">\n\t\t\t\t\t\t\t\t\t<h6>Finance Coordinator<\/h6>\t\t\t\t\t\t\t\t<\/div>\n\t\t\t\t<\/div>\n\t\t\t\t<div class=\"elementor-element elementor-element-93bea5b elementor-widget elementor-widget-text-editor\" data-id=\"93bea5b\" data-element_type=\"widget\" data-widget_type=\"text-editor.default\">\n\t\t\t\t<div class=\"elementor-widget-container\">\n\t\t\t\t\t\t\t\t\t<h4>Mehmet Fatih GELEBEK<\/h4>\t\t\t\t\t\t\t\t<\/div>\n\t\t\t\t<\/div>\n\t\t\t\t<\/div>\n\t\t\t\t<\/div>\n\t\t\t\t<div class=\"elementor-element elementor-element-e7c7f80 elementor-widget elementor-widget-heading\" data-id=\"e7c7f80\" data-element_type=\"widget\" data-widget_type=\"heading.default\">\n\t\t\t\t<div class=\"elementor-widget-container\">\n\t\t\t\t\t<h2 class=\"elementor-heading-title elementor-size-default\">EXECUTIVE TEAM<\/h2>\t\t\t\t<\/div>\n\t\t\t\t<\/div>\n\t\t<div class=\"elementor-element elementor-element-2322c8d e-con-full e-flex e-con e-child\" data-id=\"2322c8d\" data-element_type=\"container\">\n\t\t<div class=\"elementor-element elementor-element-f83e72b e-con-full e-flex e-con e-child\" data-id=\"f83e72b\" data-element_type=\"container\" data-settings=\"{&quot;background_background&quot;:&quot;classic&quot;}\">\n\t\t\t\t<div class=\"elementor-element elementor-element-56a37c4 elementor-widget elementor-widget-text-editor\" data-id=\"56a37c4\" data-element_type=\"widget\" data-widget_type=\"text-editor.default\">\n\t\t\t\t<div class=\"elementor-widget-container\">\n\t\t\t\t\t\t\t\t\t<h4>Organisation and Sponsorship Team<\/h4>\t\t\t\t\t\t\t\t<\/div>\n\t\t\t\t<\/div>\n\t\t\t\t<div class=\"elementor-element elementor-element-55ed193 elementor-widget elementor-widget-text-editor\" data-id=\"55ed193\" data-element_type=\"widget\" data-widget_type=\"text-editor.default\">\n\t\t\t\t<div class=\"elementor-widget-container\">\n\t\t\t\t\t\t\t\t\t<p>\u00a0<\/p><table dir=\"ltr\" style=\"height: 1777px;\" border=\"1\" width=\"202\" cellspacing=\"0\" cellpadding=\"0\" data-sheets-root=\"1\" data-sheets-baot=\"1\"><colgroup> <col width=\"168\" \/><\/colgroup><tbody><tr><td>Aliye Aleyna Y\u0131lmaz<\/td><\/tr><tr><td>Bet\u00fcl \u00c7akmak<\/td><\/tr><tr><td>Ceyda Tanr\u0131\u00f6ven<\/td><\/tr><tr><td>Dilay Ba\u011fc\u0131van<\/td><\/tr><tr><td>Elif Evin<\/td><\/tr><tr><td>Bilge Yay\u0131c\u0131<\/td><\/tr><tr><td>Arda Din\u00e7er Sakall\u0131<\/td><\/tr><tr><td>Beyza Argu<\/td><\/tr><tr><td>Dilara Korkmaz<\/td><\/tr><tr><td>Cafer Do\u011fan<\/td><\/tr><tr><td>Elif O\u011fuzsa\u011f\u0131rc\u0131<\/td><\/tr><tr><td>Elifnur Toksoylu<\/td><\/tr><tr><td>Emirhan \u00c7evik<\/td><\/tr><tr><td>Emre Yurtta\u015f<\/td><\/tr><tr><td>Esma Bet\u00fcl Do\u011fan<\/td><\/tr><tr><td>Furkan Lale<\/td><\/tr><tr><td>G\u00fclten \u015eahin<\/td><\/tr><tr><td>Hammad Ali<\/td><\/tr><tr><td>\u0130layda A\u011fca<\/td><\/tr><tr><td>\u0130lknur \u015eahin<\/td><\/tr><tr><td>\u0130rem Demir<\/td><\/tr><tr><td>I\u015f\u0131l Ekici<\/td><\/tr><tr><td>O\u011fuzhan U\u015fun<\/td><\/tr><tr><td>Pelin Hatipo\u011flu<\/td><\/tr><tr><td>Perihan Alp<\/td><\/tr><tr><td>Serhat Demirda\u015f<\/td><\/tr><tr><td>\u015eerife Karaynir<\/td><\/tr><tr><td>S\u00fcmeyye Eslem \u00c7at\u0131<\/td><\/tr><tr><td>Tuna Kavak<\/td><\/tr><tr><td>Yi\u011fit Erdem Akbulut<\/td><\/tr><tr><td>Zeliha Nur \u00c7elik<\/td><\/tr><tr><td>Zeynep Ba\u015fk\u0131ran<\/td><\/tr><tr><td>Zeynep \u0130kbal Budak<\/td><\/tr><tr><td>Zeynep Y\u0131lmaz<\/td><\/tr><\/tbody><\/table>\t\t\t\t\t\t\t\t<\/div>\n\t\t\t\t<\/div>\n\t\t\t\t<div class=\"elementor-element elementor-element-6d5a97e elementor-widget elementor-widget-text-editor\" data-id=\"6d5a97e\" data-element_type=\"widget\" data-widget_type=\"text-editor.default\">\n\t\t\t\t<div class=\"elementor-widget-container\">\n\t\t\t\t\t\t\t\t\t<h4>Social Media and Design Team<\/h4>\t\t\t\t\t\t\t\t<\/div>\n\t\t\t\t<\/div>\n\t\t\t\t<div class=\"elementor-element elementor-element-b94635a elementor-widget elementor-widget-text-editor\" data-id=\"b94635a\" data-element_type=\"widget\" data-widget_type=\"text-editor.default\">\n\t\t\t\t<div class=\"elementor-widget-container\">\n\t\t\t\t\t\t\t\t\t<table dir=\"ltr\" border=\"1\" cellspacing=\"0\" cellpadding=\"0\" data-sheets-root=\"1\" data-sheets-baot=\"1\"><colgroup> <col width=\"100\" \/><\/colgroup><tbody><tr><td><div><div>Abdulmuhsin Gencebay<\/div><\/div><\/td><\/tr><tr><td><div><div>Ahmet Talha Arslan<\/div><\/div><\/td><\/tr><tr><td>Alanur Poyraz<\/td><\/tr><tr><td>Burak Sazl\u0131dere<\/td><\/tr><tr><td>Elif \u015eahin<\/td><\/tr><tr><td><div><div>Eyl\u00fcl Fulya Alkan<\/div><\/div><\/td><\/tr><tr><td><div><div>Kabi Abdrakhmanov<\/div><\/div><\/td><\/tr><tr><td>Sinem K\u00f6ksal<\/td><\/tr><tr><td>S\u0131la Bo\u011fa<\/td><\/tr><tr><td><div><div>Zehra Nur G\u00f6ksun<\/div><\/div><\/td><\/tr><\/tbody><\/table>\t\t\t\t\t\t\t\t<\/div>\n\t\t\t\t<\/div>\n\t\t\t\t<\/div>\n\t\t\t\t<\/div>\n\t\t\t\t<\/div>\n\t\t\t\t\t<\/div>\n\t\t\t\t<\/div>\n\t\t\t\t<\/div>","protected":false},"excerpt":{"rendered":"<p>D\u00fczenleme Ekibi GSTKON&#8217;26 Y\u00f6netim &amp; Y\u00fcr\u00fctme Y\u00d6NET\u0130M EK\u0130B\u0130 Kongre Ba\u015fkan\u0131 Stj. Dr. Burak DEM\u0130RDA\u015e Ba\u015fkan Yard\u0131mc\u0131s\u0131 Muhammed Bu\u011fra OKUMU\u015e Organizasyon ve Sponsorluk Koordinat\u00f6r\u00fc R\u00fcveyda AYDIN Sosyal Medya ve Tasar\u0131m Koordinat\u00f6r\u00fc Merve SAYILIR Finans Koordinat\u00f6r\u00fc Mehmet Fatih GELEBEK Y\u00dcR\u00dcTME EK\u0130B\u0130 Organizasyon ve Sponsorluk Ekibi \u00a0 Aliye Aleyna Y\u0131lmaz Bet\u00fcl \u00c7akmak Ceyda Tanr\u0131\u00f6ven Dilay Ba\u011fc\u0131van Elif Evin [&hellip;]<\/p>","protected":false},"author":1,"featured_media":0,"parent":0,"menu_order":0,"comment_status":"closed","ping_status":"closed","template":"","meta":{"site-sidebar-layout":"no-sidebar","site-content-layout":"page-builder","ast-site-content-layout":"full-width-container","site-content-style":"unboxed","site-sidebar-style":"unboxed","ast-global-header-display":"","ast-banner-title-visibility":"","ast-main-header-display":"","ast-hfb-above-header-display":"","ast-hfb-below-header-display":"","ast-hfb-mobile-header-display":"","site-post-title":"","ast-breadcrumbs-content":"","ast-featured-img":"disabled","footer-sml-layout":"","theme-transparent-header-meta":"enabled","adv-header-id-meta":"","stick-header-meta":"","header-above-stick-meta":"","header-main-stick-meta":"","header-below-stick-meta":"","astra-migrate-meta-layouts":"set","ast-page-background-enabled":"default","ast-page-background-meta":{"desktop":{"background-color":"","background-image":"","background-repeat":"repeat","background-position":"center center","background-size":"auto","background-attachment":"scroll","background-type":"","background-media":"","overlay-type":"","overlay-color":"","overlay-opacity":"","overlay-gradient":""},"tablet":{"background-color":"","background-image":"","background-repeat":"repeat","background-position":"center center","background-size":"auto","background-attachment":"scroll","background-type":"","background-media":"","overlay-type":"","overlay-color":"","overlay-opacity":"","overlay-gradient":""},"mobile":{"background-color":"","background-image":"","background-repeat":"repeat","background-position":"center center","background-size":"auto","background-attachment":"scroll","background-type":"","background-media":"","overlay-type":"","overlay-color":"","overlay-opacity":"","overlay-gradient":""}},"ast-content-background-meta":{"desktop":{"background-color":"var(--ast-global-color-5)","background-image":"","background-repeat":"repeat","background-position":"center center","background-size":"auto","background-attachment":"scroll","background-type":"","background-media":"","overlay-type":"","overlay-color":"","overlay-opacity":"","overlay-gradient":""},"tablet":{"background-color":"var(--ast-global-color-5)","background-image":"","background-repeat":"repeat","background-position":"center center","background-size":"auto","background-attachment":"scroll","background-type":"","background-media":"","overlay-type":"","overlay-color":"","overlay-opacity":"","overlay-gradient":""},"mobile":{"background-color":"var(--ast-global-color-5)","background-image":"","background-repeat":"repeat","background-position":"center center","background-size":"auto","background-attachment":"scroll","background-type":"","background-media":"","overlay-type":"","overlay-color":"","overlay-opacity":"","overlay-gradient":""}},"footnotes":""},"class_list":["post-1464","page","type-page","status-publish","hentry"],"_links":{"self":[{"href":"https:\/\/gstcongress.org\/en\/wp-json\/wp\/v2\/pages\/1464","targetHints":{"allow":["GET"]}}],"collection":[{"href":"https:\/\/gstcongress.org\/en\/wp-json\/wp\/v2\/pages"}],"about":[{"href":"https:\/\/gstcongress.org\/en\/wp-json\/wp\/v2\/types\/page"}],"author":[{"embeddable":true,"href":"https:\/\/gstcongress.org\/en\/wp-json\/wp\/v2\/users\/1"}],"replies":[{"embeddable":true,"href":"https:\/\/gstcongress.org\/en\/wp-json\/wp\/v2\/comments?post=1464"}],"version-history":[{"count":19,"href":"https:\/\/gstcongress.org\/en\/wp-json\/wp\/v2\/pages\/1464\/revisions"}],"predecessor-version":[{"id":2804,"href":"https:\/\/gstcongress.org\/en\/wp-json\/wp\/v2\/pages\/1464\/revisions\/2804"}],"wp:attachment":[{"href":"https:\/\/gstcongress.org\/en\/wp-json\/wp\/v2\/media?parent=1464"}],"curies":[{"name":"wp","href":"https:\/\/api.w.org\/{rel}","templated":true}]}}