{"id":2593,"date":"2025-11-16T14:06:28","date_gmt":"2025-11-16T14:06:28","guid":{"rendered":"https:\/\/gstcongress.org\/?page_id=2593"},"modified":"2026-01-08T08:42:49","modified_gmt":"2026-01-08T08:42:49","slug":"gstkon25-2","status":"publish","type":"page","link":"https:\/\/gstcongress.org\/en\/gstkon25-2\/","title":{"rendered":"GSTKON'25"},"content":{"rendered":"<div data-elementor-type=\"wp-page\" data-elementor-id=\"2593\" class=\"elementor elementor-2593\">\n\t\t\t\t<div class=\"elementor-element elementor-element-928d2fd e-flex e-con-boxed e-con e-parent\" data-id=\"928d2fd\" data-element_type=\"container\" data-settings=\"{&quot;background_background&quot;:&quot;classic&quot;}\">\n\t\t\t\t\t<div class=\"e-con-inner\">\n\t\t<div class=\"elementor-element elementor-element-4497eec e-con-full e-flex e-con e-child\" data-id=\"4497eec\" data-element_type=\"container\">\n\t\t\t\t<div class=\"elementor-element elementor-element-418c75d elementor-widget elementor-widget-heading\" data-id=\"418c75d\" data-element_type=\"widget\" data-widget_type=\"heading.default\">\n\t\t\t\t<div class=\"elementor-widget-container\">\n\t\t\t\t\t<h2 class=\"elementor-heading-title elementor-size-default\">GSTKON'25: National Surgical Student Congress<\/h2>\t\t\t\t<\/div>\n\t\t\t\t<\/div>\n\t\t\t\t<\/div>\n\t\t\t\t\t<\/div>\n\t\t\t\t<\/div>\n\t\t<div class=\"elementor-element elementor-element-9fcd0dc e-flex e-con-boxed e-con e-parent\" data-id=\"9fcd0dc\" data-element_type=\"container\">\n\t\t\t\t\t<div class=\"e-con-inner\">\n\t\t\t\t<div class=\"elementor-element elementor-element-dc0c953 elementor-widget elementor-widget-text-editor\" data-id=\"dc0c953\" data-element_type=\"widget\" data-widget_type=\"text-editor.default\">\n\t\t\t\t<div class=\"elementor-widget-container\">\n\t\t\t\t\t\t\t\t\t<p><span class=\"a_GcMg font-feature-liga-off font-feature-clig-off font-feature-calt-off text-decoration-none text-strikethrough-none\">Our congress <\/span><span class=\"a_GcMg font-feature-liga-off font-feature-clig-off font-feature-calt-off text-decoration-none text-strikethrough-none\">was organized by\u00a0<\/span><span class=\"a_GcMg font-feature-liga-off font-feature-clig-off font-feature-calt-off text-decoration-none text-strikethrough-none\">the Young Healthcare Professionals Community with the support of the 3rd term of UNIDES (University Student Communities Cooperation and Support Program), which was initiated by the <\/span><span class=\"a_GcMg font-feature-liga-off font-feature-clig-off font-feature-calt-off text-decoration-none text-strikethrough-none\">Ministry of Youth and Sports,<\/span> <span class=\"a_GcMg font-feature-liga-off font-feature-clig-off font-feature-calt-off text-decoration-none text-strikethrough-none\">General Directorate of Youth Services,<\/span><span class=\"a_GcMg font-feature-liga-off font-feature-clig-off font-feature-calt-off text-decoration-none text-strikethrough-none\"> during the <\/span><span class=\"a_GcMg font-feature-liga-off font-feature-clig-off font-feature-calt-off text-decoration-none text-strikethrough-none\">Young Healthcare Professionals Society:<\/span><span class=\"a_GcMg font-feature-liga-off font-feature-clig-off font-feature-calt-off text-decoration-none text-strikethrough-none\"> to support the social, <\/span><span class=\"a_GcMg font-feature-liga-off font-feature-clig-off font-feature-calt-off text-decoration-none text-strikethrough-none\">cultural, and academic activities of university students.<\/span><\/p><p><span class=\"a_GcMg font-feature-liga-off font-feature-clig-off font-feature-calt-off text-decoration-none text-strikethrough-none\" style=\"font-style: inherit; font-weight: inherit;\">The Young Healthcare Professionals Community National Surgical Congress<\/span><span class=\"a_GcMg font-feature-liga-off font-feature-clig-off font-feature-calt-off text-decoration-none text-strikethrough-none\" style=\"font-style: inherit; font-weight: inherit;\">, <\/span><span class=\"a_GcMg font-feature-liga-off font-feature-clig-off font-feature-calt-off text-strikethrough-none text-decoration-underline\" style=\"font-style: inherit; font-weight: inherit;\">was held in-person <\/span><span class=\"a_GcMg font-feature-liga-off font-feature-clig-off font-feature-calt-off text-strikethrough-none text-decoration-underline\" style=\"font-style: inherit; font-weight: inherit;\">on May 16-18, 2025,<\/span><span class=\"a_GcMg font-feature-liga-off font-feature-clig-off font-feature-calt-off text-strikethrough-none text-decoration-underline\" style=\"font-style: inherit; font-weight: inherit;\"> at the 100th<\/span> <span class=\"a_GcMg font-feature-liga-off font-feature-clig-off font-feature-calt-off text-strikethrough-none text-decoration-underline\" style=\"font-style: inherit; font-weight: inherit;\">Year Cultural Center located at Sivas Cumhuriyet University in Sivas.<\/span> <span class=\"a_GcMg font-feature-liga-off font-feature-clig-off font-feature-calt-off text-strikethrough-none text-decoration-none\" style=\"font-style: inherit; font-weight: inherit;\">We brought<\/span><span class=\"a_GcMg font-feature-liga-off font-feature-clig-off font-feature-calt-off text-strikethrough-none text-decoration-none\" style=\"font-style: inherit; font-weight: inherit;\"> together a total <\/span><span class=\"a_GcMg font-feature-liga-off font-feature-clig-off font-feature-calt-off text-strikethrough-none text-decoration-none\" style=\"font-style: inherit; font-weight: inherit;\">of <\/span><span class=\"a_GcMg font-feature-liga-off font-feature-clig-off font-feature-calt-off text-strikethrough-none text-decoration-none\" style=\"font-style: inherit; font-weight: inherit;\">474<\/span><span class=\"a_GcMg font-feature-liga-off font-feature-clig-off font-feature-calt-off text-strikethrough-none text-decoration-none\" style=\"font-style: inherit; font-weight: inherit;\"> participants from various parts of Turkey, representing the departments of medicine,<\/span><span class=\"a_GcMg font-feature-liga-off font-feature-clig-off font-feature-calt-off text-strikethrough-none text-decoration-none\" style=\"font-style: inherit; font-weight: inherit;\">dentistry, pharmacy, veterinary medicine, nursing, health sciences, midwifery, and physiotherapy, from both within and outside the city.<\/span><\/p><p class=\"cvGsUA direction-ltr align-justify para-style-body\"><span class=\"a_GcMg font-feature-liga-off font-feature-clig-off font-feature-calt-off text-decoration-none text-strikethrough-none\">Our congress,<\/span><span class=\"a_GcMg font-feature-liga-off font-feature-clig-off font-feature-calt-off text-decoration-none text-strikethrough-none\"> which was of a national nature <\/span><span class=\"a_GcMg font-feature-liga-off font-feature-clig-off font-feature-calt-off text-decoration-none text-strikethrough-none\">with Turkish<\/span><span class=\"a_GcMg font-feature-liga-off font-feature-clig-off font-feature-calt-off text-decoration-none text-strikethrough-none\"> as the designated presentation language, aimed to encourage scientific exchange by addressing innovations, advanced techniques, and clinical experiences in the field of surgery.<\/span><\/p><p class=\"cvGsUA direction-ltr align-justify para-style-body\"><span class=\"a_GcMg font-feature-liga-off font-feature-clig-off font-feature-calt-off text-decoration-none text-strikethrough-none\">In our congress, a wide range of topics was covered, from minimally invasive surgery to robotic surgery, and from the management of surgical complications to advanced patient care. Presentations, panels, and interactive sessions held with the contributions of expert academics and clinicians made significant contributions to the academic and professional development of our participants. Additionally, current research in the surgical field was shared, and both oral and poster presentations were included throughout the congress, providing participants with the opportunity to share their knowledge and experiences.<\/span><\/p><p><span class=\"a_GcMg font-feature-liga-off font-feature-clig-off font-feature-calt-off text-decoration-none text-strikethrough-none\">Within the scope of our congress, <\/span><span class=\"a_GcMg font-feature-liga-off font-feature-clig-off font-feature-calt-off text-decoration-none text-strikethrough-none\">11 surgical and social sessions accompanied <\/span><span class=\"a_GcMg font-feature-liga-off font-feature-clig-off font-feature-calt-off text-decoration-none text-strikethrough-none\">by expert academics and clinicians, student presentations, a poster competition, 20 different workshops offering a wide range of options from basic professional skills to handicrafts, a gala dinner, and a Sivas Social Tour were carried out<\/span><span class=\"a_GcMg font-feature-liga-off font-feature-clig-off font-feature-calt-off text-decoration-none text-strikethrough-none\"> over the course of three days.<\/span><\/p>\t\t\t\t\t\t\t\t<\/div>\n\t\t\t\t<\/div>\n\t\t\t\t\t<\/div>\n\t\t\t\t<\/div>\n\t\t\t\t<\/div>","protected":false},"excerpt":{"rendered":"<p>GSTKON&#8217;25: Ulusal Cerrahi \u00d6\u011frenci Kongresi Kongremiz; Gen\u00e7lik ve Spor Bakanl\u0131\u011f\u0131\u00a0Gen\u00e7lik Hizmetleri Genel M\u00fcd\u00fcrl\u00fc\u011f\u00fc taraf\u0131ndan 2024-2025 akademik y\u0131l\u0131 i\u00e7erisinde ba\u015flat\u0131lan, \u00fcniversite \u00f6\u011frencilerinin sosyal, k\u00fclt\u00fcrel ve akademik faaliyetlerini desteklemek amac\u0131yla d\u00fczenlenen \u00dcN\u0130DES 3. d\u00f6nem deste\u011fiyle Gen\u00e7 Sa\u011fl\u0131k\u00e7\u0131lar Toplulu\u011fu taraf\u0131ndan ger\u00e7ekle\u015ftirilmi\u015ftir. (\u00dcN\u0130DES=\u00dcniversite \u00d6\u011frenci Topluluklar\u0131 \u0130\u015f Birli\u011fi ve Destek Program\u0131 Gen\u00e7 Sa\u011fl\u0131k\u00e7\u0131lar Toplulu\u011fu Ulusal Cerrahi Kongresi, Sivas\u2019ta 16-18 May\u0131s [&hellip;]<\/p>","protected":false},"author":1,"featured_media":0,"parent":0,"menu_order":0,"comment_status":"closed","ping_status":"closed","template":"","meta":{"site-sidebar-layout":"no-sidebar","site-content-layout":"page-builder","ast-site-content-layout":"full-width-container","site-content-style":"unboxed","site-sidebar-style":"unboxed","ast-global-header-display":"","ast-banner-title-visibility":"","ast-main-header-display":"","ast-hfb-above-header-display":"","ast-hfb-below-header-display":"","ast-hfb-mobile-header-display":"","site-post-title":"disabled","ast-breadcrumbs-content":"","ast-featured-img":"disabled","footer-sml-layout":"","theme-transparent-header-meta":"enabled","adv-header-id-meta":"","stick-header-meta":"","header-above-stick-meta":"","header-main-stick-meta":"","header-below-stick-meta":"","astra-migrate-meta-layouts":"set","ast-page-background-enabled":"default","ast-page-background-meta":{"desktop":{"background-color":"","background-image":"","background-repeat":"repeat","background-position":"center center","background-size":"auto","background-attachment":"scroll","background-type":"","background-media":"","overlay-type":"","overlay-color":"","overlay-opacity":"","overlay-gradient":""},"tablet":{"background-color":"","background-image":"","background-repeat":"repeat","background-position":"center center","background-size":"auto","background-attachment":"scroll","background-type":"","background-media":"","overlay-type":"","overlay-color":"","overlay-opacity":"","overlay-gradient":""},"mobile":{"background-color":"","background-image":"","background-repeat":"repeat","background-position":"center center","background-size":"auto","background-attachment":"scroll","background-type":"","background-media":"","overlay-type":"","overlay-color":"","overlay-opacity":"","overlay-gradient":""}},"ast-content-background-meta":{"desktop":{"background-color":"var(--ast-global-color-5)","background-image":"","background-repeat":"repeat","background-position":"center center","background-size":"auto","background-attachment":"scroll","background-type":"","background-media":"","overlay-type":"","overlay-color":"","overlay-opacity":"","overlay-gradient":""},"tablet":{"background-color":"var(--ast-global-color-5)","background-image":"","background-repeat":"repeat","background-position":"center center","background-size":"auto","background-attachment":"scroll","background-type":"","background-media":"","overlay-type":"","overlay-color":"","overlay-opacity":"","overlay-gradient":""},"mobile":{"background-color":"var(--ast-global-color-5)","background-image":"","background-repeat":"repeat","background-position":"center center","background-size":"auto","background-attachment":"scroll","background-type":"","background-media":"","overlay-type":"","overlay-color":"","overlay-opacity":"","overlay-gradient":""}},"footnotes":""},"class_list":["post-2593","page","type-page","status-publish","hentry"],"_links":{"self":[{"href":"https:\/\/gstcongress.org\/en\/wp-json\/wp\/v2\/pages\/2593","targetHints":{"allow":["GET"]}}],"collection":[{"href":"https:\/\/gstcongress.org\/en\/wp-json\/wp\/v2\/pages"}],"about":[{"href":"https:\/\/gstcongress.org\/en\/wp-json\/wp\/v2\/types\/page"}],"author":[{"embeddable":true,"href":"https:\/\/gstcongress.org\/en\/wp-json\/wp\/v2\/users\/1"}],"replies":[{"embeddable":true,"href":"https:\/\/gstcongress.org\/en\/wp-json\/wp\/v2\/comments?post=2593"}],"version-history":[{"count":29,"href":"https:\/\/gstcongress.org\/en\/wp-json\/wp\/v2\/pages\/2593\/revisions"}],"predecessor-version":[{"id":2801,"href":"https:\/\/gstcongress.org\/en\/wp-json\/wp\/v2\/pages\/2593\/revisions\/2801"}],"wp:attachment":[{"href":"https:\/\/gstcongress.org\/en\/wp-json\/wp\/v2\/media?parent=2593"}],"curies":[{"name":"wp","href":"https:\/\/api.w.org\/{rel}","templated":true}]}}